{"id":1722,"date":"2020-10-02T17:28:57","date_gmt":"2020-10-02T17:28:57","guid":{"rendered":"https:\/\/lacandelariaproducts.com\/?post_type=product&#038;p=1722"},"modified":"2020-10-02T18:23:40","modified_gmt":"2020-10-02T18:23:40","slug":"pandebono-caja-100-pzas-negocios","status":"publish","type":"product","link":"https:\/\/www.lacandelariaproducts.com\/es\/producto\/pandebono-caja-100-pzas-negocios\/","title":{"rendered":"Pandebono &#8211; CAJA (100 PZAS)"},"content":{"rendered":"<p>Este Pandebono hecho a mano comienza con nuestra receta casera que incluye queso blanco Colombiano y almid\u00f3n de yuca. Haci\u00e9ndolo uno de los mejores en el mercado. Su suave y blanda textura te tendr\u00e1 comiendo mas de uno. Libre de gluten.<\/p>\n","protected":false},"excerpt":{"rendered":"<p>Mantener congelado<br \/>\nHornear a 350 grados por unos 30 minutos.<br \/>\nTiempos de hornear var\u00edan de horno a horno.<\/p>\n<p>&nbsp;<\/p>\n","protected":false},"featured_media":1514,"comment_status":"open","ping_status":"closed","template":"","meta":{"_mi_skip_tracking":false,"_monsterinsights_sitenote_active":false,"_monsterinsights_sitenote_note":"","_monsterinsights_sitenote_category":0},"product_cat":[56,67],"product_tag":[],"_links":{"self":[{"href":"https:\/\/www.lacandelariaproducts.com\/es\/wp-json\/wp\/v2\/product\/1722"}],"collection":[{"href":"https:\/\/www.lacandelariaproducts.com\/es\/wp-json\/wp\/v2\/product"}],"about":[{"href":"https:\/\/www.lacandelariaproducts.com\/es\/wp-json\/wp\/v2\/types\/product"}],"replies":[{"embeddable":true,"href":"https:\/\/www.lacandelariaproducts.com\/es\/wp-json\/wp\/v2\/comments?post=1722"}],"version-history":[{"count":0,"href":"https:\/\/www.lacandelariaproducts.com\/es\/wp-json\/wp\/v2\/product\/1722\/revisions"}],"wp:featuredmedia":[{"embeddable":true,"href":"https:\/\/www.lacandelariaproducts.com\/es\/wp-json\/wp\/v2\/media\/1514"}],"wp:attachment":[{"href":"https:\/\/www.lacandelariaproducts.com\/es\/wp-json\/wp\/v2\/media?parent=1722"}],"wp:term":[{"taxonomy":"product_cat","embeddable":true,"href":"https:\/\/www.lacandelariaproducts.com\/es\/wp-json\/wp\/v2\/product_cat?post=1722"},{"taxonomy":"product_tag","embeddable":true,"href":"https:\/\/www.lacandelariaproducts.com\/es\/wp-json\/wp\/v2\/product_tag?post=1722"}],"curies":[{"name":"wp","href":"https:\/\/api.w.org\/{rel}","templated":true}]}}