{"id":1560,"date":"2020-08-19T20:01:12","date_gmt":"2020-08-19T20:01:12","guid":{"rendered":"https:\/\/lacandelariaproducts.com\/?page_id=1560"},"modified":"2020-08-19T22:32:21","modified_gmt":"2020-08-19T22:32:21","slug":"devoluciones","status":"publish","type":"page","link":"https:\/\/www.lacandelariaproducts.com\/es\/devoluciones\/","title":{"rendered":"Devoluciones"},"content":{"rendered":"\r\n<p>Todas las devoluciones ser\u00e1n evaluadas por incidente. Si el producto llega malo a trav\u00e9s de una tercera compa\u00f1\u00eda de entrega, le cambiaremos el producto sin costo alguno al cliente. Si los productos se da\u00f1an por mal manejo no podemos ofrecer cambio o cr\u00e9dito. Con entregas locales por nuestro cami\u00f3n, le dar\u00e1 cr\u00e9dito o cambio sin costo si confirmamos que el producto se entreg\u00f3 en malas condiciones. <\/p>\r\n<p>&nbsp;<\/p>\r\n","protected":false},"excerpt":{"rendered":"<p>Todas las devoluciones ser\u00e1n evaluadas por incidente. Si el producto llega malo a trav\u00e9s de una tercera compa\u00f1\u00eda de entrega,<\/p>\n","protected":false},"author":1,"featured_media":0,"parent":0,"menu_order":0,"comment_status":"closed","ping_status":"closed","template":"","meta":{"_mi_skip_tracking":false,"_monsterinsights_sitenote_active":false,"_monsterinsights_sitenote_note":"","_monsterinsights_sitenote_category":0,"footnotes":""},"_links":{"self":[{"href":"https:\/\/www.lacandelariaproducts.com\/es\/wp-json\/wp\/v2\/pages\/1560"}],"collection":[{"href":"https:\/\/www.lacandelariaproducts.com\/es\/wp-json\/wp\/v2\/pages"}],"about":[{"href":"https:\/\/www.lacandelariaproducts.com\/es\/wp-json\/wp\/v2\/types\/page"}],"author":[{"embeddable":true,"href":"https:\/\/www.lacandelariaproducts.com\/es\/wp-json\/wp\/v2\/users\/1"}],"replies":[{"embeddable":true,"href":"https:\/\/www.lacandelariaproducts.com\/es\/wp-json\/wp\/v2\/comments?post=1560"}],"version-history":[{"count":3,"href":"https:\/\/www.lacandelariaproducts.com\/es\/wp-json\/wp\/v2\/pages\/1560\/revisions"}],"predecessor-version":[{"id":1586,"href":"https:\/\/www.lacandelariaproducts.com\/es\/wp-json\/wp\/v2\/pages\/1560\/revisions\/1586"}],"wp:attachment":[{"href":"https:\/\/www.lacandelariaproducts.com\/es\/wp-json\/wp\/v2\/media?parent=1560"}],"curies":[{"name":"wp","href":"https:\/\/api.w.org\/{rel}","templated":true}]}}