{"id":1538,"date":"2020-08-19T19:52:11","date_gmt":"2020-08-19T19:52:11","guid":{"rendered":"https:\/\/lacandelariaproducts.com\/?page_id=1538"},"modified":"2020-09-09T20:22:35","modified_gmt":"2020-09-09T20:22:35","slug":"sobre-nosotros","status":"publish","type":"page","link":"https:\/\/www.lacandelariaproducts.com\/es\/sobre-nosotros\/","title":{"rendered":"Sobre nosotros"},"content":{"rendered":"<p>[vc_row full_width=\u00bbstretch_row_content_no_spaces\u00bb equal_height=\u00bbyes\u00bb css=\u00bb.vc_custom_1499679693574{margin-top: -40px !important;margin-bottom: 10vh !important;border-top-width: 1px !important;border-top-color: #efefef !important;border-top-style: solid !important;}\u00bb][vc_column css=\u00bb.vc_custom_1599682918680{padding-top: 40px !important;}\u00bb offset=\u00bbvc_col-lg-6 vc_col-md-12 vc_col-xs-12&#8243; mobile_bg_img_hidden=\u00bbno\u00bb tablet_bg_img_hidden=\u00bbno\u00bb woodmart_parallax=\u00bb0&#8243; woodmart_sticky_column=\u00bbfalse\u00bb parallax_scroll=\u00bbno\u00bb mobile_reset_margin=\u00bbno\u00bb tablet_reset_margin=\u00bbno\u00bb][vc_single_image image=\u00bb1616&#8243; img_size=\u00bbfull\u00bb parallax_scroll=\u00bbno\u00bb css=\u00bb.vc_custom_1599682950184{margin-top: 45px !important;}\u00bb][vc_single_image image=\u00bb1520&#8243; img_size=\u00bbfull\u00bb parallax_scroll=\u00bbno\u00bb css=\u00bb.vc_custom_1597347306219{margin-top: 40px !important;}\u00bb][\/vc_column][vc_column woodmart_sticky_column=\u00bbtrue\u00bb css=\u00bb.vc_custom_1597347297409{padding-top: 8vh !important;padding-right: 5% !important;padding-left: 7% !important;}\u00bb offset=\u00bbvc_col-lg-5 vc_col-md-8 vc_col-xs-12&#8243; mobile_bg_img_hidden=\u00bbno\u00bb tablet_bg_img_hidden=\u00bbno\u00bb woodmart_parallax=\u00bb0&#8243; parallax_scroll=\u00bbno\u00bb mobile_reset_margin=\u00bbno\u00bb tablet_reset_margin=\u00bbno\u00bb][vc_custom_heading text=\u00bbBienvenido a\u00bb font_container=\u00bbtag:p|font_size:18|text_align:left|color:%23a3a3a3&#8243; use_theme_fonts=\u00bbyes\u00bb css=\u00bb.vc_custom_1597878440333{margin-bottom: 10px !important;}\u00bb]\n\t\t<div id=\"wd-5f3db0a9a4251\" class=\"title-wrapper wd-wpb set-mb-s reset-last-child  wd-rs-5f3db0a9a4251 wd-title-color-default wd-title-style-default text-left vc_custom_1597878461419 wd-underline-colored\">\n\t\t\t\n\t\t\t<div class=\"liner-continer\">\n\t\t\t\t<h4 class=\"woodmart-title-container title  wd-font-weight- wd-fontsize-xxxl\" >Nuestra Historia<\/h4>\n\t\t\t\t\t\t\t<\/div>\n\t\t\t\n\t\t\t\n\t\t\t\n\t\t<\/div>\n\t\t\n\t\t[vc_custom_heading text=\u00bbNuestra historia comenz\u00f3 con mis padres en los a\u00f1os 80.\u00bb font_container=\u00bbtag:p|font_size:20|text_align:left|color:%23212121&#8243; use_theme_fonts=\u00bbyes\u00bb][vc_column_text 0=\u00bb\u00bb css=\u00bb.vc_custom_1597878572583{margin-bottom: 25px !important;padding-right: 5% !important;}\u00bb el_class=\u00bbtext-larger\u00bb text_larger=\u00bbno\u00bb]Cuando fundaron el primer Supermercado Colombiano en Miami \u00abSupermercado La Candelaria\u00bb. Despu\u00e9s de La Candelaria intentaron iniciar otros negocios, hasta que decidieron crear sus propias recetas y ofrecerlo a panader\u00edas. Con esta receta comenzaron a vender nuestro famoso palito de queso a panader\u00edas locales en Miami. Esto fue un gran \u00e9xito. El negocio creci\u00f3 y a lo largo de los a\u00f1os Incorporamos nuestra receta especial de Pandebono. Hoy estamos orgullosos de poder seguir dando servicio a muchos de nuestros clientes desde hace 30 a\u00f1os y a muchos m\u00e1s. Nuestras recetas fueron creadas por nosotros y todos nuestros productos est\u00e1n hechos a mano. Lo m\u00e1s importante para nosotros es poder asegurar que la calidad de nuestros productos es la mejor y que ninguno de nuestros ingredientes o recetas sean modificados. Todos nuestros productos se entregan congelados y empacados en cajas para facilitar las necesidades de nuestros clientes.[\/vc_column_text][\/vc_column][\/vc_row][vc_row full_width=\u00bbstretch_row_content_no_spaces\u00bb equal_height=\u00bbyes\u00bb css=\u00bb.vc_custom_1499681239398{margin-bottom: 10vh !important;padding-right: 5% !important;}\u00bb][vc_column woodmart_sticky_column=\u00bbtrue\u00bb css=\u00bb.vc_custom_1499679948409{padding-top: 6vh !important;padding-right: 5% !important;padding-left: 7% !important;}\u00bb offset=\u00bbvc_col-lg-offset-1 vc_col-lg-5 vc_col-md-offset-1 vc_col-md-8 vc_col-xs-12&#8243;][vc_column_text 0=\u00bb\u00bb css=\u00bb.vc_custom_1597878620639{margin-bottom: 25px !important;padding-right: 5% !important;}\u00bb el_class=\u00bbtext-larger\u00bb text_larger=\u00bbno\u00bb]Nosotros despachamos en el \u00e1rea del sur de a Florida y estamos expandeindo a otros estados. Vendemos al por mayor a grandes cadenas de panader\u00edas al igual que peque\u00f1as, cafeter\u00edas, restaurantes, peque\u00f1os supermercados y gasolineras. Nuestro objetivo es proporcionarle el producto de la m\u00e1s alta calidad que est\u00e1 listo para hornear o fre\u00edr fresco para sus clientes. Somos orgullosos de mantener nuestra instalaci\u00f3n actualizada. Practicamos control de calidad que es establecido para probar nuestros productos, y de esta manera estar seguros de que solo ofrecemos la m\u00e1s alta calidad a todo momento.<\/p>\n<p>Consideramos a nuestros empleados un elemento clave para nuestro negocio. Ellos se esfuerzan por dar lo mejor cada d\u00eda para continuar el crecimiento de nuestro negocio. Un secreto que nos ha ayudado a tener \u00e9xito.<br \/>\n[\/vc_column_text][vc_column_text css=\u00bb.vc_custom_1597878681286{margin-bottom: 20px !important;padding-top: 0px !important;padding-bottom: 0px !important;}\u00bb el_class=\u00bbbg-left\u00bb text_larger=\u00bbno\u00bb]<em>por <strong class=\"color-primary\">Lina Gonz\u00e1lez <\/strong>&#8211; CEO<\/em>[\/vc_column_text][\/vc_column][vc_column offset=\u00bbvc_col-lg-6 vc_col-md-12 vc_col-xs-12&#8243; css=\u00bb.vc_custom_1499679370599{padding-top: 0px !important;}\u00bb][vc_row_inner][vc_column_inner width=\u00bb1\/2&#8243;][vc_single_image image=\u00bb1521&#8243; img_size=\u00bbfull\u00bb parallax_scroll=\u00bbno\u00bb][\/vc_column_inner][vc_column_inner width=\u00bb1\/2&#8243; css=\u00bb.vc_custom_1497519046604{padding-right: 3vh !important;padding-left: 3vh !important;}\u00bb][vc_single_image image=\u00bb1523&#8243; img_size=\u00bbfull\u00bb parallax_scroll=\u00bbno\u00bb][\/vc_column_inner][\/vc_row_inner][vc_row_inner][vc_column_inner width=\u00bb1\/2&#8243;][vc_single_image image=\u00bb1522&#8243; img_size=\u00bbfull\u00bb parallax_scroll=\u00bbno\u00bb][\/vc_column_inner][vc_column_inner width=\u00bb1\/2&#8243; css=\u00bb.vc_custom_1497519046604{padding-right: 3vh !important;padding-left: 3vh !important;}\u00bb][vc_single_image image=\u00bb1524&#8243; img_size=\u00bbfull\u00bb parallax_scroll=\u00bbno\u00bb][\/vc_column_inner][\/vc_row_inner][\/vc_column][\/vc_row]<\/p>\n","protected":false},"excerpt":{"rendered":"<p>[vc_row full_width=\u00bbstretch_row_content_no_spaces\u00bb equal_height=\u00bbyes\u00bb css=\u00bb.vc_custom_1499679693574{margin-top: -40px !important;margin-bottom: 10vh !important;border-top-width: 1px !important;border-top-color: #efefef !important;border-top-style: solid !important;}\u00bb][vc_column css=\u00bb.vc_custom_1599682918680{padding-top: 40px !important;}\u00bb offset=\u00bbvc_col-lg-6 vc_col-md-12 vc_col-xs-12&#8243;<\/p>\n","protected":false},"author":1,"featured_media":0,"parent":0,"menu_order":0,"comment_status":"closed","ping_status":"closed","template":"","meta":{"_mi_skip_tracking":false,"_monsterinsights_sitenote_active":false,"_monsterinsights_sitenote_note":"","_monsterinsights_sitenote_category":0,"footnotes":""},"_links":{"self":[{"href":"https:\/\/www.lacandelariaproducts.com\/es\/wp-json\/wp\/v2\/pages\/1538"}],"collection":[{"href":"https:\/\/www.lacandelariaproducts.com\/es\/wp-json\/wp\/v2\/pages"}],"about":[{"href":"https:\/\/www.lacandelariaproducts.com\/es\/wp-json\/wp\/v2\/types\/page"}],"author":[{"embeddable":true,"href":"https:\/\/www.lacandelariaproducts.com\/es\/wp-json\/wp\/v2\/users\/1"}],"replies":[{"embeddable":true,"href":"https:\/\/www.lacandelariaproducts.com\/es\/wp-json\/wp\/v2\/comments?post=1538"}],"version-history":[{"count":12,"href":"https:\/\/www.lacandelariaproducts.com\/es\/wp-json\/wp\/v2\/pages\/1538\/revisions"}],"predecessor-version":[{"id":1623,"href":"https:\/\/www.lacandelariaproducts.com\/es\/wp-json\/wp\/v2\/pages\/1538\/revisions\/1623"}],"wp:attachment":[{"href":"https:\/\/www.lacandelariaproducts.com\/es\/wp-json\/wp\/v2\/media?parent=1538"}],"curies":[{"name":"wp","href":"https:\/\/api.w.org\/{rel}","templated":true}]}}